{"id":269140,"date":"2026-05-13T10:33:05","date_gmt":"2026-05-13T10:33:05","guid":{"rendered":"https:\/\/dkmc.be\/product\/duster-2\/"},"modified":"2026-05-13T10:33:58","modified_gmt":"2026-05-13T10:33:58","slug":"duster-2","status":"publish","type":"product","link":"https:\/\/dkmc.be\/pl\/produkt\/duster-2\/","title":{"rendered":"Duster"},"content":{"rendered":"<p>Opcje:<\/p>\n<p>ABS, Regensensor, Parkeersensor Voor, Parkeersensor Achter, Cruise Control, Alarm, Centrale Vergrendeling, Elekt. Verstelbare Spiegels, LED Stoplichten, Alu Velgen, Auto A\/C, Digitaal Starten, Auto Start\/Stop, Keyless System, Elekt. Ruiten Voor, Elekt. Ruiten Achter, Getinte Ruiten, Zetelverwarming, Multi Functioneel Stuur, 360\u00b0 Camera, Viruele Cockpit, Navigatie, Radio DAB+, Boordcomputer, Bluetooth<\/p>","protected":false},"excerpt":{"rendered":"<p>Uszkodzenia nadwozia, Mo\u017cliwo\u015b\u0107 jazdy (za\u0142adunek \/ roz\u0142adunek), Silnik OK, skrzynia bieg\u00f3w OK<\/p>","protected":false},"featured_media":269141,"template":"","meta":{"_seopress_robots_primary_cat":"","_seopress_titles_title":"","_seopress_titles_desc":"","_seopress_robots_index":"","_seopress_analysis_target_kw":""},"product_brand":[],"product_cat":[15],"product_tag":[],"class_list":{"0":"post-269140","1":"product","2":"type-product","3":"status-publish","4":"has-post-thumbnail","6":"product_cat-uncategorized","7":"pa_btw-marge-btw-niet-aftrekbaar","8":"pa_cilinderinhoud-999-cc","9":"pa_km-stand-km-stand","10":"pa_kw-74-kw","12":"first","13":"instock","14":"purchasable","15":"product-type-simple"},"_links":{"self":[{"href":"https:\/\/dkmc.be\/pl\/wp-json\/wp\/v2\/product\/269140","targetHints":{"allow":["GET"]}}],"collection":[{"href":"https:\/\/dkmc.be\/pl\/wp-json\/wp\/v2\/product"}],"about":[{"href":"https:\/\/dkmc.be\/pl\/wp-json\/wp\/v2\/types\/product"}],"wp:featuredmedia":[{"embeddable":true,"href":"https:\/\/dkmc.be\/pl\/wp-json\/wp\/v2\/media\/269141"}],"wp:attachment":[{"href":"https:\/\/dkmc.be\/pl\/wp-json\/wp\/v2\/media?parent=269140"}],"wp:term":[{"taxonomy":"product_brand","embeddable":true,"href":"https:\/\/dkmc.be\/pl\/wp-json\/wp\/v2\/product_brand?post=269140"},{"taxonomy":"product_cat","embeddable":true,"href":"https:\/\/dkmc.be\/pl\/wp-json\/wp\/v2\/product_cat?post=269140"},{"taxonomy":"product_tag","embeddable":true,"href":"https:\/\/dkmc.be\/pl\/wp-json\/wp\/v2\/product_tag?post=269140"}],"curies":[{"name":"wp","href":"https:\/\/api.w.org\/{rel}","templated":true}]}}