{"id":258033,"date":"2026-04-22T11:36:04","date_gmt":"2026-04-22T11:36:04","guid":{"rendered":"https:\/\/dkmc.be\/product\/208\/"},"modified":"2026-04-22T11:36:57","modified_gmt":"2026-04-22T11:36:57","slug":"208","status":"publish","type":"product","link":"https:\/\/dkmc.be\/fr\/produit\/208\/","title":{"rendered":"208"},"content":{"rendered":"<p>Option\u00a0:<\/p>\n<p>ABS, Regensensor, Parkeersensor Voor, Parkeersensor Achter, Cruise Control, Centrale Vergrendeling, Elekt. Verstelbare Spiegels, LED Grootlicht, LED Stoplichten, Alu Velgen, Auto A\/C, Digitaal Starten, Auto Start\/Stop, Elekt. Ruiten Voor, Elekt. Ruiten Achter, Getinte Ruiten, Multi Functioneel Stuur, Stuurpeddels, Achteruitrijcamera, Viruele Cockpit, Navigatie, Radio DAB+, Boordcomputer, Bluetooth<\/p>","protected":false},"excerpt":{"rendered":"<p>D\u00e9g\u00e2ts corporels l\u00e9gers<\/p>","protected":false},"featured_media":258034,"template":"","meta":{"_seopress_robots_primary_cat":"","_seopress_titles_title":"","_seopress_titles_desc":"","_seopress_robots_index":""},"product_brand":[],"product_cat":[15],"product_tag":[],"class_list":{"0":"post-258033","1":"product","2":"type-product","3":"status-publish","4":"has-post-thumbnail","6":"product_cat-uncategorized","7":"pa_btw-marge-btw-niet-aftrekbaar","8":"pa_cilinderinhoud-1199-cc","9":"pa_km-stand-km-stand","10":"pa_kw-74-kw","12":"first","13":"instock","14":"purchasable","15":"product-type-simple"},"_links":{"self":[{"href":"https:\/\/dkmc.be\/fr\/wp-json\/wp\/v2\/product\/258033","targetHints":{"allow":["GET"]}}],"collection":[{"href":"https:\/\/dkmc.be\/fr\/wp-json\/wp\/v2\/product"}],"about":[{"href":"https:\/\/dkmc.be\/fr\/wp-json\/wp\/v2\/types\/product"}],"wp:featuredmedia":[{"embeddable":true,"href":"https:\/\/dkmc.be\/fr\/wp-json\/wp\/v2\/media\/258034"}],"wp:attachment":[{"href":"https:\/\/dkmc.be\/fr\/wp-json\/wp\/v2\/media?parent=258033"}],"wp:term":[{"taxonomy":"product_brand","embeddable":true,"href":"https:\/\/dkmc.be\/fr\/wp-json\/wp\/v2\/product_brand?post=258033"},{"taxonomy":"product_cat","embeddable":true,"href":"https:\/\/dkmc.be\/fr\/wp-json\/wp\/v2\/product_cat?post=258033"},{"taxonomy":"product_tag","embeddable":true,"href":"https:\/\/dkmc.be\/fr\/wp-json\/wp\/v2\/product_tag?post=258033"}],"curies":[{"name":"wp","href":"https:\/\/api.w.org\/{rel}","templated":true}]}}